{"id":158,"date":"2019-10-21T06:56:31","date_gmt":"2019-10-21T06:56:31","guid":{"rendered":"https:\/\/www.albanalesydesagues.com\/reparacion-albanales-barcelona\/"},"modified":"2023-05-26T08:34:35","modified_gmt":"2023-05-26T06:34:35","slug":"reparacio-claveguerons-barcelona","status":"publish","type":"page","link":"https:\/\/www.albanalesydesagues.com\/ca\/","title":{"rendered":"Inici"},"content":{"rendered":"","protected":false},"excerpt":{"rendered":"","protected":false},"author":1,"featured_media":0,"parent":0,"menu_order":0,"comment_status":"closed","ping_status":"open","template":"","meta":{"footnotes":""},"class_list":["post-158","page","type-page","status-publish","hentry"],"yoast_head":"<!-- This site is optimized with the Yoast SEO plugin v27.4 - https:\/\/yoast.com\/product\/yoast-seo-wordpress\/ -->\n<title>ALBA\u00d1ALES Y DESAG\u00dcES. Construcci\u00f3 i reparaci\u00f3 de claveguerons a Barcelona.<\/title>\n<meta name=\"description\" content=\"Estem especialitzats en la construcci\u00f3 i reparaci\u00f3 de claveguerons i desguassos i en la neteja de fosses s\u00e8ptiques.\" \/>\n<meta name=\"robots\" content=\"index, follow, max-snippet:-1, max-image-preview:large, max-video-preview:-1\" \/>\n<link rel=\"canonical\" href=\"https:\/\/www.albanalesydesagues.com\/ca\/\" \/>\n<meta property=\"og:locale\" content=\"ca_ES\" \/>\n<meta property=\"og:type\" content=\"article\" \/>\n<meta property=\"og:title\" content=\"ALBA\u00d1ALES Y DESAG\u00dcES. Construcci\u00f3 i reparaci\u00f3 de claveguerons a Barcelona.\" \/>\n<meta property=\"og:description\" content=\"Estem especialitzats en la construcci\u00f3 i reparaci\u00f3 de claveguerons i desguassos i en la neteja de fosses s\u00e8ptiques.\" \/>\n<meta property=\"og:url\" content=\"https:\/\/www.albanalesydesagues.com\/ca\/\" \/>\n<meta property=\"og:site_name\" content=\"ALBA\u00d1ALES Y DESAG\u00dcES\" \/>\n<meta property=\"article:modified_time\" content=\"2023-05-26T06:34:35+00:00\" \/>\n<meta name=\"twitter:card\" content=\"summary_large_image\" \/>\n<script type=\"application\/ld+json\" class=\"yoast-schema-graph\">{\"@context\":\"https:\\\/\\\/schema.org\",\"@graph\":[{\"@type\":\"WebPage\",\"@id\":\"https:\\\/\\\/www.albanalesydesagues.com\\\/ca\\\/\",\"url\":\"https:\\\/\\\/www.albanalesydesagues.com\\\/ca\\\/\",\"name\":\"ALBA\u00d1ALES Y DESAG\u00dcES. Construcci\u00f3 i reparaci\u00f3 de claveguerons a Barcelona.\",\"isPartOf\":{\"@id\":\"https:\\\/\\\/www.albanalesydesagues.com\\\/#website\"},\"datePublished\":\"2019-10-21T06:56:31+00:00\",\"dateModified\":\"2023-05-26T06:34:35+00:00\",\"description\":\"Estem especialitzats en la construcci\u00f3 i reparaci\u00f3 de claveguerons i desguassos i en la neteja de fosses s\u00e8ptiques.\",\"breadcrumb\":{\"@id\":\"https:\\\/\\\/www.albanalesydesagues.com\\\/ca\\\/#breadcrumb\"},\"inLanguage\":\"ca\",\"potentialAction\":[{\"@type\":\"ReadAction\",\"target\":[\"https:\\\/\\\/www.albanalesydesagues.com\\\/ca\\\/\"]}]},{\"@type\":\"BreadcrumbList\",\"@id\":\"https:\\\/\\\/www.albanalesydesagues.com\\\/ca\\\/#breadcrumb\",\"itemListElement\":[{\"@type\":\"ListItem\",\"position\":1,\"name\":\"Portada\",\"item\":\"https:\\\/\\\/www.albanalesydesagues.com\\\/ca\\\/\"},{\"@type\":\"ListItem\",\"position\":2,\"name\":\"Inici\"}]},{\"@type\":\"WebSite\",\"@id\":\"https:\\\/\\\/www.albanalesydesagues.com\\\/#website\",\"url\":\"https:\\\/\\\/www.albanalesydesagues.com\\\/\",\"name\":\"ALBA\u00d1ALES Y DESAG\u00dcES\",\"description\":\"Construcci\u00f3 i Reparaci\u00f3 de Claveguerons\",\"potentialAction\":[{\"@type\":\"SearchAction\",\"target\":{\"@type\":\"EntryPoint\",\"urlTemplate\":\"https:\\\/\\\/www.albanalesydesagues.com\\\/?s={search_term_string}\"},\"query-input\":{\"@type\":\"PropertyValueSpecification\",\"valueRequired\":true,\"valueName\":\"search_term_string\"}}],\"inLanguage\":\"ca\"}]}<\/script>\n<!-- \/ Yoast SEO plugin. -->","yoast_head_json":{"title":"ALBA\u00d1ALES Y DESAG\u00dcES. Construcci\u00f3 i reparaci\u00f3 de claveguerons a Barcelona.","description":"Estem especialitzats en la construcci\u00f3 i reparaci\u00f3 de claveguerons i desguassos i en la neteja de fosses s\u00e8ptiques.","robots":{"index":"index","follow":"follow","max-snippet":"max-snippet:-1","max-image-preview":"max-image-preview:large","max-video-preview":"max-video-preview:-1"},"canonical":"https:\/\/www.albanalesydesagues.com\/ca\/","og_locale":"ca_ES","og_type":"article","og_title":"ALBA\u00d1ALES Y DESAG\u00dcES. Construcci\u00f3 i reparaci\u00f3 de claveguerons a Barcelona.","og_description":"Estem especialitzats en la construcci\u00f3 i reparaci\u00f3 de claveguerons i desguassos i en la neteja de fosses s\u00e8ptiques.","og_url":"https:\/\/www.albanalesydesagues.com\/ca\/","og_site_name":"ALBA\u00d1ALES Y DESAG\u00dcES","article_modified_time":"2023-05-26T06:34:35+00:00","twitter_card":"summary_large_image","schema":{"@context":"https:\/\/schema.org","@graph":[{"@type":"WebPage","@id":"https:\/\/www.albanalesydesagues.com\/ca\/","url":"https:\/\/www.albanalesydesagues.com\/ca\/","name":"ALBA\u00d1ALES Y DESAG\u00dcES. Construcci\u00f3 i reparaci\u00f3 de claveguerons a Barcelona.","isPartOf":{"@id":"https:\/\/www.albanalesydesagues.com\/#website"},"datePublished":"2019-10-21T06:56:31+00:00","dateModified":"2023-05-26T06:34:35+00:00","description":"Estem especialitzats en la construcci\u00f3 i reparaci\u00f3 de claveguerons i desguassos i en la neteja de fosses s\u00e8ptiques.","breadcrumb":{"@id":"https:\/\/www.albanalesydesagues.com\/ca\/#breadcrumb"},"inLanguage":"ca","potentialAction":[{"@type":"ReadAction","target":["https:\/\/www.albanalesydesagues.com\/ca\/"]}]},{"@type":"BreadcrumbList","@id":"https:\/\/www.albanalesydesagues.com\/ca\/#breadcrumb","itemListElement":[{"@type":"ListItem","position":1,"name":"Portada","item":"https:\/\/www.albanalesydesagues.com\/ca\/"},{"@type":"ListItem","position":2,"name":"Inici"}]},{"@type":"WebSite","@id":"https:\/\/www.albanalesydesagues.com\/#website","url":"https:\/\/www.albanalesydesagues.com\/","name":"ALBA\u00d1ALES Y DESAG\u00dcES","description":"Construcci\u00f3 i Reparaci\u00f3 de Claveguerons","potentialAction":[{"@type":"SearchAction","target":{"@type":"EntryPoint","urlTemplate":"https:\/\/www.albanalesydesagues.com\/?s={search_term_string}"},"query-input":{"@type":"PropertyValueSpecification","valueRequired":true,"valueName":"search_term_string"}}],"inLanguage":"ca"}]}},"_links":{"self":[{"href":"https:\/\/www.albanalesydesagues.com\/ca\/wp-json\/wp\/v2\/pages\/158","targetHints":{"allow":["GET"]}}],"collection":[{"href":"https:\/\/www.albanalesydesagues.com\/ca\/wp-json\/wp\/v2\/pages"}],"about":[{"href":"https:\/\/www.albanalesydesagues.com\/ca\/wp-json\/wp\/v2\/types\/page"}],"author":[{"embeddable":true,"href":"https:\/\/www.albanalesydesagues.com\/ca\/wp-json\/wp\/v2\/users\/1"}],"replies":[{"embeddable":true,"href":"https:\/\/www.albanalesydesagues.com\/ca\/wp-json\/wp\/v2\/comments?post=158"}],"version-history":[{"count":1,"href":"https:\/\/www.albanalesydesagues.com\/ca\/wp-json\/wp\/v2\/pages\/158\/revisions"}],"predecessor-version":[{"id":159,"href":"https:\/\/www.albanalesydesagues.com\/ca\/wp-json\/wp\/v2\/pages\/158\/revisions\/159"}],"wp:attachment":[{"href":"https:\/\/www.albanalesydesagues.com\/ca\/wp-json\/wp\/v2\/media?parent=158"}],"curies":[{"name":"wp","href":"https:\/\/api.w.org\/{rel}","templated":true}]}}